{"id":3938,"date":"2020-02-20T01:49:59","date_gmt":"2020-02-20T00:49:59","guid":{"rendered":"http:\/\/tirbcn.com\/__trashed-2\/tiradors\/"},"modified":"2020-02-20T01:50:02","modified_gmt":"2020-02-20T00:50:02","slug":"tiradors","status":"publish","type":"page","link":"https:\/\/tirbcn.com\/ca\/tir-esportiu\/tiradors\/","title":{"rendered":"Tiradors"},"content":{"rendered":"<p>El nostre Club ha estat sempre el referent esportiu tant a Catalunya com a nivell estatal i d&#8217;aix\u00f2 d\u00f3na clara mostra la quantitat de tiradors de la nostra entitat que s\u00f3n seleccionats per formar part dels diferents equips nacionals que ens representen internacionalment.\u00a0<\/p>\n<p>Som probablement l&#8217;\u00fanic Club esportiu de tot el m\u00f3n que ha tingut participaci\u00f3 ininterrompuda d&#8217;esportistes associats a una mateixa entitat en tots els Jocs Ol\u00edmpics des de Roma fins a Riu:<\/p>\n<p>\t0&#37;<br \/>\n\t1960-1970<\/p>\n<figure><img decoding=\"async\" src=\"http:\/\/tirbcn.com\/wp-content\/uploads\/2019\/07\/josellorens.png\" alt=\"josellorens\" ><\/figure>\n<h4>Jos\u00e9 LLorens Arbu\u00e9s<\/h4>\n<p>Roma 1960<\/p>\n<p>Carabina<\/p>\n<figure><img decoding=\"async\" src=\"http:\/\/tirbcn.com\/wp-content\/uploads\/2019\/07\/luispalomo.png\" alt=\"luispalomo\" ><\/figure>\n<h4>Luis Palomo Puyol<\/h4>\n<p>Roma 1960<\/p>\n<p>Pistola<\/p>\n<figure><img decoding=\"async\" src=\"http:\/\/tirbcn.com\/wp-content\/uploads\/2019\/07\/JoanThomas.png\" alt=\"JoanThomas\" ><\/figure>\n<h4>Joan Thomas Cabrelles<\/h4>\n<p>Tokio 1964<\/p>\n<p>Pistola<\/p>\n<figure><img decoding=\"async\" src=\"http:\/\/tirbcn.com\/wp-content\/uploads\/2019\/07\/lluisdelcerro.png\" alt=\"lluisdelcerro\" ><\/figure>\n<h4>Llu\u00eds del Cerro Forn<\/h4>\n<p>M\u00e9xico 1968<\/p>\n<p>Carabina<\/p>\n<figure><img decoding=\"async\" src=\"http:\/\/tirbcn.com\/wp-content\/uploads\/2019\/07\/josepmaria.png\" alt=\"josepmaria\" ><\/figure>\n<h4>Josep M\u00aa Pigrau Santpere<\/h4>\n<p>M\u00e9xico 1968<\/p>\n<p>Carabina<\/p>\n<p>\t0&#37;<br \/>\n\t1970-1980<\/p>\n<figure><img decoding=\"async\" src=\"http:\/\/tirbcn.com\/wp-content\/uploads\/2019\/07\/lluisdelcerro.png\" alt=\"lluisdelcerro\" ><\/figure>\n<h4>Llu\u00eds del Cerro Forn<\/h4>\n<p>Munich 1972<\/p>\n<p>Carabina<\/p>\n<figure><img decoding=\"async\" src=\"http:\/\/tirbcn.com\/wp-content\/uploads\/2019\/07\/lluisdelcerro.png\" alt=\"lluisdelcerro\" ><\/figure>\n<h4>Llu\u00eds del Cerro Forn<\/h4>\n<p>Montreal 1976<\/p>\n<p>Carabina<\/p>\n<figure><img decoding=\"async\" src=\"http:\/\/tirbcn.com\/wp-content\/uploads\/2019\/07\/josepmaria.png\" alt=\"josepmaria\" ><\/figure>\n<h4>Josep M\u00aa Pigrau Santpere<\/h4>\n<p>Montreal 1976<\/p>\n<p>Carabina<\/p>\n<figure><img decoding=\"async\" src=\"http:\/\/tirbcn.com\/wp-content\/uploads\/2019\/07\/JoanCasamajo.png\" alt=\"JoanCasamajo\" ><\/figure>\n<h4>Joan Casamajo Patau<\/h4>\n<p>Mosc\u00fa 1980<\/p>\n<p>Carabina<\/p>\n<p>\t0&#37;<br \/>\n\t1980-1990<\/p>\n<figure><img decoding=\"async\" src=\"http:\/\/tirbcn.com\/wp-content\/uploads\/2019\/07\/lluisdelcerro.png\" alt=\"lluisdelcerro\" ><\/figure>\n<h4>Llu\u00eds del Cerro Forn<\/h4>\n<p>Los Angeles 1984<\/p>\n<p>Carabina<\/p>\n<figure><img decoding=\"async\" src=\"http:\/\/tirbcn.com\/wp-content\/uploads\/2019\/07\/josepmaria.png\" alt=\"josepmaria\" ><\/figure>\n<h4>Josep M\u00aa Pigrau Santpere<\/h4>\n<p>Los Angeles 1984<\/p>\n<p>Carabina<\/p>\n<figure><img decoding=\"async\" src=\"http:\/\/tirbcn.com\/wp-content\/uploads\/2019\/07\/JordiGonzalez.png\" alt=\"JordiGonzalez\" ><\/figure>\n<h4>Jordi Gonzalez Rodriguez<\/h4>\n<p>Los Angeles 1984<\/p>\n<p>Carabina<\/p>\n<figure><img decoding=\"async\" src=\"http:\/\/tirbcn.com\/wp-content\/uploads\/2019\/07\/JordiGonzalez.png\" alt=\"JordiGonzalez\" ><\/figure>\n<h4>Jordi Gonzalez Rodriguez<\/h4>\n<p>Seul 1988<\/p>\n<p>Carabina<\/p>\n<p>\t0&#37;<br \/>\n\t1990-2000<\/p>\n<figure><img decoding=\"async\" src=\"http:\/\/tirbcn.com\/wp-content\/uploads\/2019\/07\/JordiGonzalez.png\" alt=\"JordiGonzalez\" ><\/figure>\n<h4>Jordi Gonzalez Rodriguez<\/h4>\n<p>Barcelona 1992<\/p>\n<p>Carabina<\/p>\n<figure><img decoding=\"async\" src=\"http:\/\/tirbcn.com\/wp-content\/uploads\/2019\/07\/jaumepares.png\" alt=\"jaumepares\" ><\/figure>\n<h4>Jaume Par\u00e9s Crivill\u00e9<\/h4>\n<p>Barcelona 1992<\/p>\n<p>Carabina<\/p>\n<figure><img decoding=\"async\" src=\"http:\/\/tirbcn.com\/wp-content\/uploads\/2019\/07\/EnricClaverol.png\" alt=\"EnricClaverol\" ><\/figure>\n<h4>Enric Claverol Mart\u00ednez<\/h4>\n<p>Barcelona 1992<\/p>\n<p>Carabina<\/p>\n<figure><img decoding=\"async\" src=\"http:\/\/tirbcn.com\/wp-content\/uploads\/2019\/07\/JordiGonzalez.png\" alt=\"JordiGonzalez\" ><\/figure>\n<h4>Jordi Gonzalez Rodriguez<\/h4>\n<p>Atlanta 1996<\/p>\n<p>Carabina<\/p>\n<p>\t0&#37;<br \/>\n\t2000-2010<\/p>\n<figure><img decoding=\"async\" src=\"http:\/\/tirbcn.com\/wp-content\/uploads\/2019\/07\/JordiGonzalez.png\" alt=\"JordiGonzalez\" ><\/figure>\n<h4>Jordi Gonzalez Rodriguez<\/h4>\n<p>Sidney 2000<\/p>\n<p>Carabina<\/p>\n<figure><img decoding=\"async\" src=\"http:\/\/tirbcn.com\/wp-content\/uploads\/2019\/07\/MarinaPons.png\" alt=\"MarinaPons\" ><\/figure>\n<h4>Marina Pons Garc\u00eda<\/h4>\n<p>Sidney 2000<\/p>\n<p>Carabina<\/p>\n<figure><img decoding=\"async\" src=\"http:\/\/tirbcn.com\/wp-content\/uploads\/2019\/07\/SoniaFranquet.png\" alt=\"SoniaFranquet\" ><\/figure>\n<h4>Sonia Franquet Calvente<\/h4>\n<p>Pek\u00edn 2008<\/p>\n<p>Pistola<\/p>\n<p>\t0&#37;<br \/>\n\t2010-actualidad<\/p>\n<figure><img decoding=\"async\" src=\"http:\/\/tirbcn.com\/wp-content\/uploads\/2019\/07\/SoniaFranquet.png\" alt=\"SoniaFranquet\" ><\/figure>\n<h4>Sonia Franquet Calvente<\/h4>\n<p>Londres 2012<\/p>\n<p>Pistola<\/p>\n<figure><img decoding=\"async\" src=\"http:\/\/tirbcn.com\/wp-content\/uploads\/2019\/07\/SoniaFranquet.png\" alt=\"SoniaFranquet\" ><\/figure>\n<h4>Sonia Franquet Calvente<\/h4>\n<p>R\u00edo de Janeiro 2016<\/p>\n<p>Pistola<\/p>\n<figure><img decoding=\"async\" src=\"http:\/\/tirbcn.com\/wp-content\/uploads\/2019\/09\/Esther.png\" alt=\"Esther\" ><\/figure>\n<h4>Esther Barrugu\u00e9s Alvi\u00f1\u00e1<\/h4>\n<p>R\u00edo de Janeiro 2016<\/p>\n<p>Carabina<\/p>\n<p>Nous Socis<\/p>\n<p>Si est\u00e0s interessat en ser soci de la nostra entitat, qu\u00e8 millor lloc que aqu\u00ed per saber els requisits necessaris i poder comen\u00e7ar a tramitar la teva admissi\u00f3 com a associat Online.<\/p>\n<p>En el nostre Club trobar\u00e0s quatre tipus diferents de socis dins dels quals hi haur\u00e0 el teu.<\/p>\n<figure><img fetchpriority=\"high\" decoding=\"async\" width=\"250\" height=\"251\" src=\"http:\/\/tirbcn.com\/wp-content\/uploads\/2019\/07\/logo_clubtir_bcn.png\" alt=\"\" srcset=\"http:\/\/tirbcn.com\/wp-content\/uploads\/2019\/07\/logo_clubtir_bcn.png 250w, http:\/\/tirbcn.com\/wp-content\/uploads\/2019\/07\/logo_clubtir_bcn-150x150.png 150w, http:\/\/tirbcn.com\/wp-content\/uploads\/2019\/07\/logo_clubtir_bcn-230x230.png 230w, http:\/\/tirbcn.com\/wp-content\/uploads\/2019\/07\/logo_clubtir_bcn-100x100.png 100w\" sizes=\"(max-width: 250px) 100vw, 250px\" \/><\/figure>\n<h5>Vols unir-te a el club?<\/h5>\n<p>Ara Online!<\/p>\n<p>\t\t\t<a href=\"http:\/\/tirbcn.com\/hazte-socio\/\" role=\"button\"><br \/>\n\t\t\t\t\t\tVull unir-me!<br \/>\n\t\t\t\t\t<\/a><\/p>\n","protected":false},"excerpt":{"rendered":"<p>El nostre Club ha estat sempre el referent esportiu tant a Catalunya com a nivell estatal i d&#8217;aix\u00f2 d\u00f3na clara mostra la quantitat de tiradors de la nostra entitat que s\u00f3n seleccionats per formar part dels diferents equips nacionals que ens representen internacionalment.\u00a0 Som probablement l&#8217;\u00fanic Club esportiu de tot el m\u00f3n que ha tingut [&hellip;]<\/p>\n","protected":false},"author":7,"featured_media":0,"parent":2734,"menu_order":0,"comment_status":"closed","ping_status":"closed","template":"","meta":{"_monsterinsights_skip_tracking":false,"_monsterinsights_sitenote_active":false,"_monsterinsights_sitenote_note":"","_monsterinsights_sitenote_category":0,"_uf_show_specific_survey":0,"_uf_disable_surveys":false,"footnotes":""},"class_list":["post-3938","page","type-page","status-publish","hentry"],"_links":{"self":[{"href":"https:\/\/tirbcn.com\/ca\/wp-json\/wp\/v2\/pages\/3938","targetHints":{"allow":["GET"]}}],"collection":[{"href":"https:\/\/tirbcn.com\/ca\/wp-json\/wp\/v2\/pages"}],"about":[{"href":"https:\/\/tirbcn.com\/ca\/wp-json\/wp\/v2\/types\/page"}],"author":[{"embeddable":true,"href":"https:\/\/tirbcn.com\/ca\/wp-json\/wp\/v2\/users\/7"}],"replies":[{"embeddable":true,"href":"https:\/\/tirbcn.com\/ca\/wp-json\/wp\/v2\/comments?post=3938"}],"version-history":[{"count":0,"href":"https:\/\/tirbcn.com\/ca\/wp-json\/wp\/v2\/pages\/3938\/revisions"}],"up":[{"embeddable":true,"href":"https:\/\/tirbcn.com\/ca\/wp-json\/wp\/v2\/pages\/2734"}],"wp:attachment":[{"href":"https:\/\/tirbcn.com\/ca\/wp-json\/wp\/v2\/media?parent=3938"}],"curies":[{"name":"wp","href":"https:\/\/api.w.org\/{rel}","templated":true}]}}