{"id":3892,"date":"2020-02-20T00:34:49","date_gmt":"2020-02-19T23:34:49","guid":{"rendered":"http:\/\/tirbcn.com\/__trashed-2\/historia\/"},"modified":"2020-02-20T00:34:50","modified_gmt":"2020-02-19T23:34:50","slug":"historia","status":"publish","type":"page","link":"https:\/\/tirbcn.com\/ca\/tir-esportiu\/historia\/","title":{"rendered":"Hist\u00f2ria"},"content":{"rendered":"\t\t<div data-elementor-type=\"wp-post\" data-elementor-id=\"3892\" class=\"elementor elementor-3892 elementor-1399\" data-elementor-post-type=\"page\">\n\t\t\t\t\t\t<section class=\"elementor-section elementor-top-section elementor-element elementor-element-57e12c3 elementor-section-boxed elementor-section-height-default elementor-section-height-default\" data-id=\"57e12c3\" data-element_type=\"section\" data-e-type=\"section\" data-settings=\"{&quot;jet_parallax_layout_list&quot;:[{&quot;jet_parallax_layout_image&quot;:{&quot;url&quot;:&quot;&quot;,&quot;id&quot;:&quot;&quot;,&quot;size&quot;:&quot;&quot;},&quot;_id&quot;:&quot;4e43491&quot;,&quot;jet_parallax_layout_image_tablet&quot;:{&quot;url&quot;:&quot;&quot;,&quot;id&quot;:&quot;&quot;,&quot;size&quot;:&quot;&quot;},&quot;jet_parallax_layout_image_mobile&quot;:{&quot;url&quot;:&quot;&quot;,&quot;id&quot;:&quot;&quot;,&quot;size&quot;:&quot;&quot;},&quot;jet_parallax_layout_speed&quot;:{&quot;unit&quot;:&quot;%&quot;,&quot;size&quot;:50,&quot;sizes&quot;:[]},&quot;jet_parallax_layout_type&quot;:&quot;scroll&quot;,&quot;jet_parallax_layout_z_index&quot;:&quot;&quot;,&quot;jet_parallax_layout_bg_x&quot;:50,&quot;jet_parallax_layout_bg_y&quot;:50,&quot;jet_parallax_layout_bg_size&quot;:&quot;auto&quot;,&quot;jet_parallax_layout_animation_prop&quot;:&quot;transform&quot;,&quot;jet_parallax_layout_on&quot;:[&quot;desktop&quot;,&quot;tablet&quot;],&quot;jet_parallax_layout_direction&quot;:&quot;1&quot;,&quot;jet_parallax_layout_fx_direction&quot;:null,&quot;jet_parallax_layout_bg_x_tablet&quot;:&quot;&quot;,&quot;jet_parallax_layout_bg_x_mobile&quot;:&quot;&quot;,&quot;jet_parallax_layout_bg_y_tablet&quot;:&quot;&quot;,&quot;jet_parallax_layout_bg_y_mobile&quot;:&quot;&quot;,&quot;jet_parallax_layout_bg_size_tablet&quot;:&quot;&quot;,&quot;jet_parallax_layout_bg_size_mobile&quot;:&quot;&quot;}]}\">\n\t\t\t\t\t\t<div class=\"elementor-container elementor-column-gap-default\">\n\t\t\t\t\t<div class=\"elementor-column elementor-col-100 elementor-top-column elementor-element elementor-element-792dc2c\" data-id=\"792dc2c\" data-element_type=\"column\" data-e-type=\"column\">\n\t\t\t<div class=\"elementor-widget-wrap elementor-element-populated\">\n\t\t\t\t\t\t<div class=\"elementor-element elementor-element-2b03183 elementor-widget elementor-widget-text-editor\" data-id=\"2b03183\" data-element_type=\"widget\" data-e-type=\"widget\" data-widget_type=\"text-editor.default\">\n\t\t\t\t<div class=\"elementor-widget-container\">\n\t\t\t\t\t\t\t\t\t<p><span class=\"\">El nostre Club \u00e9s un dels m\u00e9s grans d&#8217;Europa i el m\u00e9s gran d&#8217;Espanya, comptant amb al voltant de 3.000 socis i amb tradici\u00f3 des de principis de segle passat, doncs va ser constitu\u00eft el dia 15 de Gener de 1905 a Barcelona, \u200b\u200bconcretament, al Passatge de la pau, 2, com a representaci\u00f3 a la nostra ciutat de l&#8217;Tir Nacional d&#8217;Espanya, pel General Don Alberto Enrique Mar\u00eda de Borb\u00f3, amb una llista de 50 associats.\u00a0<\/span><span>El local social va estar empla\u00e7at en els seus comen\u00e7aments en un segon pis de la Pla\u00e7a de Teatre, traslladant-se posteriorment al pis del carrer Escudellers, fins a la seva \u00faltima ubicaci\u00f3 en el nostre Pol\u00edgon de Tir al mar\u00e7 de l&#8217;any 1984. <\/span><\/p>\n<p><span>El 10 de febrer de 1905 es va prendre l&#8217;acord d&#8217;adquirir un terreny propietat de la Societat Arsenal Civil, situat a la platja de Casa Ant\u00fanez, per condicionar-lo com camp de tir. <\/span><span>El 22 d&#8217;abril de 1907 a causa de les dificultats de condicionament de el terreny, es va decidir renunciar a aquest terreny i adquirir un de nou situat a la carretera d&#8217;acc\u00e9s al Castell de Montju\u00efc, al lloc conegut com Vista Alegre, en el qual es va construir el Pol\u00edgon que ha arribat, amb diverses modificacions, fins als nostres dies. <\/span><span>La primera galeria de 50 metres es va construir en fusta cap a 1921, abans de la seva modernitzaci\u00f3.<\/span><\/p>\n<p><span>\u00a0<\/span><span>La galeria de fusell de guerra i carabina del calibre 22 va constar en els seus inicis de 12 llocs, situant-se la d&#8217;arma curta en un pla m\u00e9s baix de declivi que fa la muntanya, constant de 8 llocs a 25 metres.<\/span><\/p>\n<p><span>M\u00e9s tard i com a conseq\u00fc\u00e8ncia de la celebraci\u00f3 dels II Jocs de la<\/span><span> Mediterr\u00e0nia, celebrats al 1955, les nostres instal\u00b7lacions es van ampliar construint un camp de tir a 25 metres, un aparell el\u00e8ctric per a les siluetes i ampliant-se el camp d&#8217;arma curta de guerra fins a 50 metres, sent apte tant per a la pr\u00e0ctica de carabina, com de pistola lliure.<\/span><\/p>\n<p><span>\u00a0<\/span><span>A l&#8217;assumir la Presid\u00e8ncia D. Francisco Gay\u00e0 al mar\u00e7 de 1961 es va fer c\u00e0rrec de el pla d&#8217;obres i reforma total del nostre Club. <\/span><span>Aquestes obres van ser d&#8217;una import\u00e0ncia cabdal per a la nostra entitat ja que va permetre al nostre Club la celebraci\u00f3 dels Campionats Nacionals d&#8217;armes ol\u00edmpiques i el va posar al capdavant de les construccions m\u00e9s modernes en l&#8217;\u00e0mbit europeu pel que fa a camps de tir.\u00a0<\/span><span>L&#8217;edifici principal constava de dues plantes, amb salons, bar i dues terrasses amb espl\u00e8ndides vistes sobre la ciutat i el port.<\/span><\/p>\n<p><span>\u00a0<\/span><span>La galeria de 50 metres es va remodelar dotant-la de les m\u00e0ximes mesures de seguretat per a l&#8217;\u00e8poca, \u00e9s a dir, parets recobertes de suro i fibres a\u00efllants, per tal de reduir, aix\u00ed mateix, a l&#8217;m\u00e0xim possible el nivell de soroll.\u00a0<\/span><\/p>\n<p><span>El camp de calibre 22 va passar a ser d&#8217;entrenament amb fusell, constant de vuit llocs. <\/span><span>El camp d&#8217;arma curta de gran calibre es va substituir per un camp de tir de vint llocs, l&#8217;actual, sent els cinc \u00faltims llocs, aptes amb el seu joc de siluetes el\u00e8ctric, per utilitzar-se en la modalitat de dol a tir r\u00e0pid.\u00a0<\/span><\/p>\n<p><span>Aix\u00ed mateix, es va construir l&#8217;actual galeria per velocitat, amb calibre 22, amb dos jocs de siluetes accionades el\u00e8ctricament.\u00a0<\/span><\/p>\n<p><span>Finalment les noves instal\u00b7lacions es van inaugurar per les festes de la Merc\u00e8 de 1961, amb assist\u00e8ncia del Sr. Jos\u00e9 Mar\u00eda Porcioles, alcalde de la ciutat.<\/span><\/p>\n<p><span>\u00a0<\/span><span>El 22 de desembre de 1968 com a conseq\u00fc\u00e8ncia de l&#8217;acord de l&#8217;Assemblea Nacional, que va aprovar la fusi\u00f3 de la Federaci\u00f3 de Tir a l&#8217;Plat i el Tir Nacional a la nova Federaci\u00f3 de Tir Ol\u00edmpic, vam passar a ser la Federaci\u00f3 de Barcelona del Tir Ol\u00edmpic Espanyol, secci\u00f3 de precisi\u00f3. <\/span><\/p>\n<p><span>El 1982, d&#8217;acord amb la nova reglamentaci\u00f3 del Tir Ol\u00edmpic Espanyol, ens convertim en un Club Privat Federat amb la nostra denominaci\u00f3 actual.<\/span><\/p>\n\t\t\t\t\t\t\t\t<\/div>\n\t\t\t\t<\/div>\n\t\t\t\t\t<\/div>\n\t\t<\/div>\n\t\t\t\t\t<\/div>\n\t\t<\/section>\n\t\t\t\t<\/div>\n\t\t","protected":false},"excerpt":{"rendered":"<p>El nostre Club \u00e9s un dels m\u00e9s grans d&#8217;Europa i el m\u00e9s gran d&#8217;Espanya, comptant amb al voltant de 3.000 socis i amb tradici\u00f3 des de principis de segle passat, doncs va ser constitu\u00eft el dia 15 de Gener de 1905 a Barcelona, \u200b\u200bconcretament, al Passatge de la pau, 2, com a representaci\u00f3 a la [&hellip;]<\/p>\n","protected":false},"author":7,"featured_media":0,"parent":2734,"menu_order":0,"comment_status":"closed","ping_status":"closed","template":"","meta":{"_monsterinsights_skip_tracking":false,"_monsterinsights_sitenote_active":false,"_monsterinsights_sitenote_note":"","_monsterinsights_sitenote_category":0,"_uf_show_specific_survey":0,"_uf_disable_surveys":false,"footnotes":""},"class_list":["post-3892","page","type-page","status-publish","hentry"],"_links":{"self":[{"href":"https:\/\/tirbcn.com\/ca\/wp-json\/wp\/v2\/pages\/3892","targetHints":{"allow":["GET"]}}],"collection":[{"href":"https:\/\/tirbcn.com\/ca\/wp-json\/wp\/v2\/pages"}],"about":[{"href":"https:\/\/tirbcn.com\/ca\/wp-json\/wp\/v2\/types\/page"}],"author":[{"embeddable":true,"href":"https:\/\/tirbcn.com\/ca\/wp-json\/wp\/v2\/users\/7"}],"replies":[{"embeddable":true,"href":"https:\/\/tirbcn.com\/ca\/wp-json\/wp\/v2\/comments?post=3892"}],"version-history":[{"count":0,"href":"https:\/\/tirbcn.com\/ca\/wp-json\/wp\/v2\/pages\/3892\/revisions"}],"up":[{"embeddable":true,"href":"https:\/\/tirbcn.com\/ca\/wp-json\/wp\/v2\/pages\/2734"}],"wp:attachment":[{"href":"https:\/\/tirbcn.com\/ca\/wp-json\/wp\/v2\/media?parent=3892"}],"curies":[{"name":"wp","href":"https:\/\/api.w.org\/{rel}","templated":true}]}}