{"id":3872,"date":"2020-02-19T12:49:19","date_gmt":"2020-02-19T11:49:19","guid":{"rendered":"http:\/\/tirbcn.com\/__trashed-2\/comissio-esportiva\/"},"modified":"2022-09-22T18:54:03","modified_gmt":"2022-09-22T16:54:03","slug":"comissio-esportiva","status":"publish","type":"page","link":"https:\/\/tirbcn.com\/ca\/tir-esportiu\/comissio-esportiva\/","title":{"rendered":"Comissi\u00f3 esportiva"},"content":{"rendered":"\t\t<div data-elementor-type=\"wp-post\" data-elementor-id=\"3872\" class=\"elementor elementor-3872 elementor-1405\" data-elementor-post-type=\"page\">\n\t\t\t\t\t\t<section class=\"elementor-section elementor-top-section elementor-element elementor-element-6625539 elementor-section-boxed elementor-section-height-default elementor-section-height-default\" data-id=\"6625539\" data-element_type=\"section\" data-e-type=\"section\" data-settings=\"{&quot;jet_parallax_layout_list&quot;:[{&quot;_id&quot;:&quot;5aba94&quot;,&quot;jet_parallax_layout_image&quot;:{&quot;url&quot;:&quot;&quot;,&quot;id&quot;:&quot;&quot;,&quot;size&quot;:&quot;&quot;},&quot;jet_parallax_layout_image_tablet&quot;:{&quot;url&quot;:&quot;&quot;,&quot;id&quot;:&quot;&quot;,&quot;size&quot;:&quot;&quot;},&quot;jet_parallax_layout_image_mobile&quot;:{&quot;url&quot;:&quot;&quot;,&quot;id&quot;:&quot;&quot;,&quot;size&quot;:&quot;&quot;},&quot;jet_parallax_layout_speed&quot;:{&quot;unit&quot;:&quot;%&quot;,&quot;size&quot;:50,&quot;sizes&quot;:[]},&quot;jet_parallax_layout_type&quot;:&quot;scroll&quot;,&quot;jet_parallax_layout_direction&quot;:&quot;1&quot;,&quot;jet_parallax_layout_fx_direction&quot;:null,&quot;jet_parallax_layout_z_index&quot;:&quot;&quot;,&quot;jet_parallax_layout_bg_x&quot;:50,&quot;jet_parallax_layout_bg_x_tablet&quot;:&quot;&quot;,&quot;jet_parallax_layout_bg_x_mobile&quot;:&quot;&quot;,&quot;jet_parallax_layout_bg_y&quot;:50,&quot;jet_parallax_layout_bg_y_tablet&quot;:&quot;&quot;,&quot;jet_parallax_layout_bg_y_mobile&quot;:&quot;&quot;,&quot;jet_parallax_layout_bg_size&quot;:&quot;auto&quot;,&quot;jet_parallax_layout_bg_size_tablet&quot;:&quot;&quot;,&quot;jet_parallax_layout_bg_size_mobile&quot;:&quot;&quot;,&quot;jet_parallax_layout_animation_prop&quot;:&quot;transform&quot;,&quot;jet_parallax_layout_on&quot;:[&quot;desktop&quot;,&quot;tablet&quot;]}]}\">\n\t\t\t\t\t\t<div class=\"elementor-container elementor-column-gap-extended\">\n\t\t\t\t\t<div class=\"elementor-column elementor-col-25 elementor-top-column elementor-element elementor-element-9b9ccb3\" data-id=\"9b9ccb3\" data-element_type=\"column\" data-e-type=\"column\">\n\t\t\t<div class=\"elementor-widget-wrap elementor-element-populated\">\n\t\t\t\t\t\t<div class=\"elementor-element elementor-element-afa8eed elementor-widget elementor-widget-jet-team-member\" data-id=\"afa8eed\" data-element_type=\"widget\" data-e-type=\"widget\" data-widget_type=\"jet-team-member.default\">\n\t\t\t\t<div class=\"elementor-widget-container\">\n\t\t\t\t\t<div class=\"elementor-jet-team-member jet-elements\"><div class=\"jet-team-member\">\n\t<div class=\"jet-team-member__inner\">\n\t\t\t<div class=\"jet-team-member__image\">\n\t\t\t<div class=\"jet-team-member__cover\"><\/div>\n\t\t\t<figure class=\"jet-team-member__figure\"><img fetchpriority=\"high\" decoding=\"async\" width=\"480\" height=\"480\" src=\"https:\/\/tirbcn.com\/wp-content\/uploads\/2021\/12\/FOTO-ESTHER.png\" class=\"jet-team-member__img-tag\" alt=\"FOTO ESTHER\" srcset=\"https:\/\/tirbcn.com\/wp-content\/uploads\/2021\/12\/FOTO-ESTHER.png 480w, https:\/\/tirbcn.com\/wp-content\/uploads\/2021\/12\/FOTO-ESTHER-300x300.png 300w, https:\/\/tirbcn.com\/wp-content\/uploads\/2021\/12\/FOTO-ESTHER-150x150.png 150w, https:\/\/tirbcn.com\/wp-content\/uploads\/2021\/12\/FOTO-ESTHER-230x230.png 230w, https:\/\/tirbcn.com\/wp-content\/uploads\/2021\/12\/FOTO-ESTHER-400x400.png 400w, https:\/\/tirbcn.com\/wp-content\/uploads\/2021\/12\/FOTO-ESTHER-100x100.png 100w\" sizes=\"(max-width: 480px) 100vw, 480px\" \/><\/figure>\t\t<\/div>\n\t\t<div class=\"jet-team-member__content\"><h4 class=\"jet-team-member__name\"><span class=\"jet-team-member__name-first\">Esther Berrojo Tarr\u00e9s<\/span><\/h4><div class=\"jet-team-member__position\"><span>Vocal Gesti\u00f3 Esportiva<\/span><\/div><div class=\"jet-team-member__socials\"><\/div><\/div>\n\t<\/div>\n\t<\/div>\n<\/div>\t\t\t\t<\/div>\n\t\t\t\t<\/div>\n\t\t\t\t\t<\/div>\n\t\t<\/div>\n\t\t\t\t<div class=\"elementor-column elementor-col-25 elementor-top-column elementor-element elementor-element-4581c52\" data-id=\"4581c52\" data-element_type=\"column\" data-e-type=\"column\">\n\t\t\t<div class=\"elementor-widget-wrap elementor-element-populated\">\n\t\t\t\t\t\t<div class=\"elementor-element elementor-element-ac01613 elementor-widget elementor-widget-jet-team-member\" data-id=\"ac01613\" data-element_type=\"widget\" data-e-type=\"widget\" data-widget_type=\"jet-team-member.default\">\n\t\t\t\t<div class=\"elementor-widget-container\">\n\t\t\t\t\t<div class=\"elementor-jet-team-member jet-elements\"><div class=\"jet-team-member\">\n\t<div class=\"jet-team-member__inner\">\n\t\t\t<div class=\"jet-team-member__image\">\n\t\t\t<div class=\"jet-team-member__cover\"><\/div>\n\t\t\t<figure class=\"jet-team-member__figure\"><img decoding=\"async\" width=\"480\" height=\"480\" src=\"https:\/\/tirbcn.com\/wp-content\/uploads\/2019\/06\/SunnyFontal_vocal.jpg\" class=\"jet-team-member__img-tag\" alt=\"SunnyFontal_vocal\" srcset=\"https:\/\/tirbcn.com\/wp-content\/uploads\/2019\/06\/SunnyFontal_vocal.jpg 480w, https:\/\/tirbcn.com\/wp-content\/uploads\/2019\/06\/SunnyFontal_vocal-150x150.jpg 150w, https:\/\/tirbcn.com\/wp-content\/uploads\/2019\/06\/SunnyFontal_vocal-300x300.jpg 300w, https:\/\/tirbcn.com\/wp-content\/uploads\/2019\/06\/SunnyFontal_vocal-230x230.jpg 230w, https:\/\/tirbcn.com\/wp-content\/uploads\/2019\/06\/SunnyFontal_vocal-400x400.jpg 400w, https:\/\/tirbcn.com\/wp-content\/uploads\/2019\/06\/SunnyFontal_vocal-100x100.jpg 100w\" sizes=\"(max-width: 480px) 100vw, 480px\" \/><\/figure>\t\t<\/div>\n\t\t<div class=\"jet-team-member__content\"><h4 class=\"jet-team-member__name\"><span class=\"jet-team-member__name-first\">Sunny Fontal Carballo<\/span><\/h4><div class=\"jet-team-member__position\"><span>Vocal \u00c0rbitres<\/span><\/div><div class=\"jet-team-member__socials\"><\/div><\/div>\n\t<\/div>\n\t<\/div>\n<\/div>\t\t\t\t<\/div>\n\t\t\t\t<\/div>\n\t\t\t\t\t<\/div>\n\t\t<\/div>\n\t\t\t\t<div class=\"elementor-column elementor-col-25 elementor-top-column elementor-element elementor-element-d14251a\" data-id=\"d14251a\" data-element_type=\"column\" data-e-type=\"column\">\n\t\t\t<div class=\"elementor-widget-wrap elementor-element-populated\">\n\t\t\t\t\t\t<div class=\"elementor-element elementor-element-64710b0 elementor-widget elementor-widget-jet-team-member\" data-id=\"64710b0\" data-element_type=\"widget\" data-e-type=\"widget\" data-widget_type=\"jet-team-member.default\">\n\t\t\t\t<div class=\"elementor-widget-container\">\n\t\t\t\t\t<div class=\"elementor-jet-team-member jet-elements\"><div class=\"jet-team-member\">\n\t<div class=\"jet-team-member__inner\">\n\t\t\t<div class=\"jet-team-member__image\">\n\t\t\t<div class=\"jet-team-member__cover\"><\/div>\n\t\t\t<figure class=\"jet-team-member__figure\"><img decoding=\"async\" width=\"480\" height=\"480\" src=\"https:\/\/tirbcn.com\/wp-content\/uploads\/2022\/09\/FOTO-TORRES.png\" class=\"jet-team-member__img-tag\" alt=\"FOTO TORRES\" srcset=\"https:\/\/tirbcn.com\/wp-content\/uploads\/2022\/09\/FOTO-TORRES.png 480w, https:\/\/tirbcn.com\/wp-content\/uploads\/2022\/09\/FOTO-TORRES-300x300.png 300w, https:\/\/tirbcn.com\/wp-content\/uploads\/2022\/09\/FOTO-TORRES-150x150.png 150w, https:\/\/tirbcn.com\/wp-content\/uploads\/2022\/09\/FOTO-TORRES-230x230.png 230w, https:\/\/tirbcn.com\/wp-content\/uploads\/2022\/09\/FOTO-TORRES-400x400.png 400w, https:\/\/tirbcn.com\/wp-content\/uploads\/2022\/09\/FOTO-TORRES-100x100.png 100w\" sizes=\"(max-width: 480px) 100vw, 480px\" \/><\/figure>\t\t<\/div>\n\t\t<div class=\"jet-team-member__content\"><h4 class=\"jet-team-member__name\"><span class=\"jet-team-member__name-first\">JOSE TORRES ARISA<\/span><\/h4><div class=\"jet-team-member__position\"><span>Vocal BR-50<\/span><\/div><div class=\"jet-team-member__socials\"><\/div><\/div>\n\t<\/div>\n\t<\/div>\n<\/div>\t\t\t\t<\/div>\n\t\t\t\t<\/div>\n\t\t\t\t\t<\/div>\n\t\t<\/div>\n\t\t\t\t<div class=\"elementor-column elementor-col-25 elementor-top-column elementor-element elementor-element-0aee9ff\" data-id=\"0aee9ff\" data-element_type=\"column\" data-e-type=\"column\">\n\t\t\t<div class=\"elementor-widget-wrap elementor-element-populated\">\n\t\t\t\t\t\t<div class=\"elementor-element elementor-element-dc2cade elementor-widget elementor-widget-jet-team-member\" data-id=\"dc2cade\" data-element_type=\"widget\" data-e-type=\"widget\" data-widget_type=\"jet-team-member.default\">\n\t\t\t\t<div class=\"elementor-widget-container\">\n\t\t\t\t\t<div class=\"elementor-jet-team-member jet-elements\"><div class=\"jet-team-member\">\n\t<div class=\"jet-team-member__inner\">\n\t\t\t<div class=\"jet-team-member__image\">\n\t\t\t<div class=\"jet-team-member__cover\"><\/div>\n\t\t\t<figure class=\"jet-team-member__figure\"><img loading=\"lazy\" decoding=\"async\" width=\"99\" height=\"100\" src=\"https:\/\/tirbcn.com\/wp-content\/uploads\/2019\/09\/JuanFornos_vocal.png\" class=\"jet-team-member__img-tag\" alt=\"JuanFornos_vocal\" \/><\/figure>\t\t<\/div>\n\t\t<div class=\"jet-team-member__content\"><h4 class=\"jet-team-member__name\"><span class=\"jet-team-member__name-first\">Juan Fornos L\u00f3pez<\/span><\/h4><div class=\"jet-team-member__position\"><span>Vocal Arma Curta<\/span><\/div><div class=\"jet-team-member__socials\"><\/div><\/div>\n\t<\/div>\n\t<\/div>\n<\/div>\t\t\t\t<\/div>\n\t\t\t\t<\/div>\n\t\t\t\t\t<\/div>\n\t\t<\/div>\n\t\t\t\t\t<\/div>\n\t\t<\/section>\n\t\t\t\t<section class=\"elementor-section elementor-top-section elementor-element elementor-element-09b4448 elementor-section-boxed elementor-section-height-default elementor-section-height-default\" data-id=\"09b4448\" data-element_type=\"section\" data-e-type=\"section\" data-settings=\"{&quot;jet_parallax_layout_list&quot;:[{&quot;_id&quot;:&quot;5aba94&quot;,&quot;jet_parallax_layout_image&quot;:{&quot;url&quot;:&quot;&quot;,&quot;id&quot;:&quot;&quot;,&quot;size&quot;:&quot;&quot;},&quot;jet_parallax_layout_image_tablet&quot;:{&quot;url&quot;:&quot;&quot;,&quot;id&quot;:&quot;&quot;,&quot;size&quot;:&quot;&quot;},&quot;jet_parallax_layout_image_mobile&quot;:{&quot;url&quot;:&quot;&quot;,&quot;id&quot;:&quot;&quot;,&quot;size&quot;:&quot;&quot;},&quot;jet_parallax_layout_speed&quot;:{&quot;unit&quot;:&quot;%&quot;,&quot;size&quot;:50,&quot;sizes&quot;:[]},&quot;jet_parallax_layout_type&quot;:&quot;scroll&quot;,&quot;jet_parallax_layout_direction&quot;:&quot;1&quot;,&quot;jet_parallax_layout_fx_direction&quot;:null,&quot;jet_parallax_layout_z_index&quot;:&quot;&quot;,&quot;jet_parallax_layout_bg_x&quot;:50,&quot;jet_parallax_layout_bg_x_tablet&quot;:&quot;&quot;,&quot;jet_parallax_layout_bg_x_mobile&quot;:&quot;&quot;,&quot;jet_parallax_layout_bg_y&quot;:50,&quot;jet_parallax_layout_bg_y_tablet&quot;:&quot;&quot;,&quot;jet_parallax_layout_bg_y_mobile&quot;:&quot;&quot;,&quot;jet_parallax_layout_bg_size&quot;:&quot;auto&quot;,&quot;jet_parallax_layout_bg_size_tablet&quot;:&quot;&quot;,&quot;jet_parallax_layout_bg_size_mobile&quot;:&quot;&quot;,&quot;jet_parallax_layout_animation_prop&quot;:&quot;transform&quot;,&quot;jet_parallax_layout_on&quot;:[&quot;desktop&quot;,&quot;tablet&quot;]}]}\">\n\t\t\t\t\t\t<div class=\"elementor-container elementor-column-gap-extended\">\n\t\t\t\t\t<div class=\"elementor-column elementor-col-33 elementor-top-column elementor-element elementor-element-70543d6\" data-id=\"70543d6\" data-element_type=\"column\" data-e-type=\"column\">\n\t\t\t<div class=\"elementor-widget-wrap elementor-element-populated\">\n\t\t\t\t\t\t<div class=\"elementor-element elementor-element-bb93212 elementor-widget elementor-widget-jet-team-member\" data-id=\"bb93212\" data-element_type=\"widget\" data-e-type=\"widget\" data-widget_type=\"jet-team-member.default\">\n\t\t\t\t<div class=\"elementor-widget-container\">\n\t\t\t\t\t<div class=\"elementor-jet-team-member jet-elements\"><div class=\"jet-team-member\">\n\t<div class=\"jet-team-member__inner\">\n\t\t\t<div class=\"jet-team-member__image\">\n\t\t\t<div class=\"jet-team-member__cover\"><\/div>\n\t\t\t<figure class=\"jet-team-member__figure\"><img loading=\"lazy\" decoding=\"async\" width=\"480\" height=\"477\" src=\"https:\/\/tirbcn.com\/wp-content\/uploads\/2022\/05\/FOTO-POZO-1.png\" class=\"jet-team-member__img-tag\" alt=\"FOTO POZO\" srcset=\"https:\/\/tirbcn.com\/wp-content\/uploads\/2022\/05\/FOTO-POZO-1.png 480w, https:\/\/tirbcn.com\/wp-content\/uploads\/2022\/05\/FOTO-POZO-1-300x298.png 300w, https:\/\/tirbcn.com\/wp-content\/uploads\/2022\/05\/FOTO-POZO-1-150x150.png 150w, https:\/\/tirbcn.com\/wp-content\/uploads\/2022\/05\/FOTO-POZO-1-230x230.png 230w, https:\/\/tirbcn.com\/wp-content\/uploads\/2022\/05\/FOTO-POZO-1-100x100.png 100w\" sizes=\"(max-width: 480px) 100vw, 480px\" \/><\/figure>\t\t<\/div>\n\t\t<div class=\"jet-team-member__content\"><h4 class=\"jet-team-member__name\"><span class=\"jet-team-member__name-first\">Antonio Monforte Casanovas<\/span><\/h4><div class=\"jet-team-member__position\"><span>Vocal Arma Llarga<\/span><\/div><div class=\"jet-team-member__socials\"><\/div><\/div>\n\t<\/div>\n\t<\/div>\n<\/div>\t\t\t\t<\/div>\n\t\t\t\t<\/div>\n\t\t\t\t\t<\/div>\n\t\t<\/div>\n\t\t\t\t<div class=\"elementor-column elementor-col-33 elementor-top-column elementor-element elementor-element-61ad3a2\" data-id=\"61ad3a2\" data-element_type=\"column\" data-e-type=\"column\">\n\t\t\t<div class=\"elementor-widget-wrap elementor-element-populated\">\n\t\t\t\t\t\t<div class=\"elementor-element elementor-element-4757b6d elementor-widget elementor-widget-jet-team-member\" data-id=\"4757b6d\" data-element_type=\"widget\" data-e-type=\"widget\" data-widget_type=\"jet-team-member.default\">\n\t\t\t\t<div class=\"elementor-widget-container\">\n\t\t\t\t\t<div class=\"elementor-jet-team-member jet-elements\"><div class=\"jet-team-member\">\n\t<div class=\"jet-team-member__inner\">\n\t\t\t<div class=\"jet-team-member__image\">\n\t\t\t<div class=\"jet-team-member__cover\"><\/div>\n\t\t\t<figure class=\"jet-team-member__figure\"><img loading=\"lazy\" decoding=\"async\" width=\"100\" height=\"100\" src=\"https:\/\/tirbcn.com\/wp-content\/uploads\/2019\/06\/franciscosanchez_vocal.jpg\" class=\"jet-team-member__img-tag\" alt=\"franciscosanchez_vocal\" \/><\/figure>\t\t<\/div>\n\t\t<div class=\"jet-team-member__content\"><h4 class=\"jet-team-member__name\"><span class=\"jet-team-member__name-first\">Francisco S\u00e1nchez S\u00e1nchez<\/span><\/h4><div class=\"jet-team-member__position\"><span>Vocal Recorreguts de Tir<\/span><\/div><div class=\"jet-team-member__socials\"><\/div><\/div>\n\t<\/div>\n\t<\/div>\n<\/div>\t\t\t\t<\/div>\n\t\t\t\t<\/div>\n\t\t\t\t\t<\/div>\n\t\t<\/div>\n\t\t\t\t<div class=\"elementor-column elementor-col-33 elementor-top-column elementor-element elementor-element-25e1abb\" data-id=\"25e1abb\" data-element_type=\"column\" data-e-type=\"column\">\n\t\t\t<div class=\"elementor-widget-wrap elementor-element-populated\">\n\t\t\t\t\t\t<div class=\"elementor-element elementor-element-ef3240e elementor-widget elementor-widget-jet-team-member\" data-id=\"ef3240e\" data-element_type=\"widget\" data-e-type=\"widget\" data-widget_type=\"jet-team-member.default\">\n\t\t\t\t<div class=\"elementor-widget-container\">\n\t\t\t\t\t<div class=\"elementor-jet-team-member jet-elements\"><div class=\"jet-team-member\">\n\t<div class=\"jet-team-member__inner\">\n\t\t\t<div class=\"jet-team-member__image\">\n\t\t\t<div class=\"jet-team-member__cover\"><\/div>\n\t\t\t<figure class=\"jet-team-member__figure\"><img loading=\"lazy\" decoding=\"async\" width=\"400\" height=\"400\" src=\"https:\/\/tirbcn.com\/wp-content\/uploads\/2019\/06\/pedrovocal_aval.jpg\" class=\"jet-team-member__img-tag\" alt=\"pedrovocal_aval\" srcset=\"https:\/\/tirbcn.com\/wp-content\/uploads\/2019\/06\/pedrovocal_aval.jpg 400w, https:\/\/tirbcn.com\/wp-content\/uploads\/2019\/06\/pedrovocal_aval-150x150.jpg 150w, https:\/\/tirbcn.com\/wp-content\/uploads\/2019\/06\/pedrovocal_aval-300x300.jpg 300w, https:\/\/tirbcn.com\/wp-content\/uploads\/2019\/06\/pedrovocal_aval-230x230.jpg 230w, https:\/\/tirbcn.com\/wp-content\/uploads\/2019\/06\/pedrovocal_aval-100x100.jpg 100w\" sizes=\"(max-width: 400px) 100vw, 400px\" \/><\/figure>\t\t<\/div>\n\t\t<div class=\"jet-team-member__content\"><h4 class=\"jet-team-member__name\"><span class=\"jet-team-member__name-first\">Pedro Jes\u00fas Pardo Martija<\/span><\/h4><div class=\"jet-team-member__position\"><span>Vocal Armes Hist\u00f2riques<\/span><\/div><div class=\"jet-team-member__socials\"><\/div><\/div>\n\t<\/div>\n\t<\/div>\n<\/div>\t\t\t\t<\/div>\n\t\t\t\t<\/div>\n\t\t\t\t\t<\/div>\n\t\t<\/div>\n\t\t\t\t\t<\/div>\n\t\t<\/section>\n\t\t\t\t<section class=\"elementor-section elementor-top-section elementor-element elementor-element-fb15d4a elementor-section-boxed elementor-section-height-default elementor-section-height-default\" data-id=\"fb15d4a\" data-element_type=\"section\" data-e-type=\"section\" data-settings=\"{&quot;jet_parallax_layout_list&quot;:[{&quot;jet_parallax_layout_image&quot;:{&quot;url&quot;:&quot;&quot;,&quot;id&quot;:&quot;&quot;,&quot;size&quot;:&quot;&quot;},&quot;_id&quot;:&quot;5bcc993&quot;,&quot;jet_parallax_layout_image_tablet&quot;:{&quot;url&quot;:&quot;&quot;,&quot;id&quot;:&quot;&quot;,&quot;size&quot;:&quot;&quot;},&quot;jet_parallax_layout_image_mobile&quot;:{&quot;url&quot;:&quot;&quot;,&quot;id&quot;:&quot;&quot;,&quot;size&quot;:&quot;&quot;},&quot;jet_parallax_layout_speed&quot;:{&quot;unit&quot;:&quot;%&quot;,&quot;size&quot;:50,&quot;sizes&quot;:[]},&quot;jet_parallax_layout_type&quot;:&quot;scroll&quot;,&quot;jet_parallax_layout_direction&quot;:&quot;1&quot;,&quot;jet_parallax_layout_fx_direction&quot;:null,&quot;jet_parallax_layout_z_index&quot;:&quot;&quot;,&quot;jet_parallax_layout_bg_x&quot;:50,&quot;jet_parallax_layout_bg_x_tablet&quot;:&quot;&quot;,&quot;jet_parallax_layout_bg_x_mobile&quot;:&quot;&quot;,&quot;jet_parallax_layout_bg_y&quot;:50,&quot;jet_parallax_layout_bg_y_tablet&quot;:&quot;&quot;,&quot;jet_parallax_layout_bg_y_mobile&quot;:&quot;&quot;,&quot;jet_parallax_layout_bg_size&quot;:&quot;auto&quot;,&quot;jet_parallax_layout_bg_size_tablet&quot;:&quot;&quot;,&quot;jet_parallax_layout_bg_size_mobile&quot;:&quot;&quot;,&quot;jet_parallax_layout_animation_prop&quot;:&quot;transform&quot;,&quot;jet_parallax_layout_on&quot;:[&quot;desktop&quot;,&quot;tablet&quot;]}]}\">\n\t\t\t\t\t\t<div class=\"elementor-container elementor-column-gap-default\">\n\t\t\t\t\t<div class=\"elementor-column elementor-col-100 elementor-top-column elementor-element elementor-element-a16be5c\" data-id=\"a16be5c\" data-element_type=\"column\" data-e-type=\"column\">\n\t\t\t<div class=\"elementor-widget-wrap\">\n\t\t\t\t\t\t\t<\/div>\n\t\t<\/div>\n\t\t\t\t\t<\/div>\n\t\t<\/section>\n\t\t\t\t<\/div>\n\t\t","protected":false},"excerpt":{"rendered":"<p>Esther Berrojo Tarr\u00e9s Vocal Gesti\u00f3 Esportiva Sunny Fontal Carballo Vocal \u00c0rbitres JOSE TORRES ARISA Vocal BR-50 Juan Fornos L\u00f3pez Vocal Arma Curta Antonio Monforte Casanovas Vocal Arma Llarga Francisco S\u00e1nchez S\u00e1nchez Vocal Recorreguts de Tir Pedro Jes\u00fas Pardo Martija Vocal Armes Hist\u00f2riques<\/p>\n","protected":false},"author":7,"featured_media":0,"parent":2734,"menu_order":0,"comment_status":"closed","ping_status":"closed","template":"","meta":{"_monsterinsights_skip_tracking":false,"_monsterinsights_sitenote_active":false,"_monsterinsights_sitenote_note":"","_monsterinsights_sitenote_category":0,"_uf_show_specific_survey":0,"_uf_disable_surveys":false,"footnotes":""},"class_list":["post-3872","page","type-page","status-publish","hentry"],"_links":{"self":[{"href":"https:\/\/tirbcn.com\/ca\/wp-json\/wp\/v2\/pages\/3872","targetHints":{"allow":["GET"]}}],"collection":[{"href":"https:\/\/tirbcn.com\/ca\/wp-json\/wp\/v2\/pages"}],"about":[{"href":"https:\/\/tirbcn.com\/ca\/wp-json\/wp\/v2\/types\/page"}],"author":[{"embeddable":true,"href":"https:\/\/tirbcn.com\/ca\/wp-json\/wp\/v2\/users\/7"}],"replies":[{"embeddable":true,"href":"https:\/\/tirbcn.com\/ca\/wp-json\/wp\/v2\/comments?post=3872"}],"version-history":[{"count":0,"href":"https:\/\/tirbcn.com\/ca\/wp-json\/wp\/v2\/pages\/3872\/revisions"}],"up":[{"embeddable":true,"href":"https:\/\/tirbcn.com\/ca\/wp-json\/wp\/v2\/pages\/2734"}],"wp:attachment":[{"href":"https:\/\/tirbcn.com\/ca\/wp-json\/wp\/v2\/media?parent=3872"}],"curies":[{"name":"wp","href":"https:\/\/api.w.org\/{rel}","templated":true}]}}